{"id":12009,"date":"2018-03-01T03:33:17","date_gmt":"2018-03-01T02:33:17","guid":{"rendered":"https:\/\/www.comparasemplice.it\/informazioni\/?page_id=12009"},"modified":"2024-10-03T11:59:34","modified_gmt":"2024-10-03T09:59:34","slug":"autori-comparasemplice","status":"publish","type":"page","link":"https:\/\/www.comparasemplice.it\/informazioni\/autori-comparasemplice","title":{"rendered":"Gli autori del blog di comparasemplice.it"},"content":{"rendered":"<p>La <strong>redazione di Notizie per Risparmiare<\/strong> \u00e8 composta da <strong>blogger qualificati<\/strong> ed esperti dei settori trattati da di ComparaSemplice.<\/p>\n<p>Grazie alla competenza del <strong>team di redattori<\/strong>, Notizie per Risparmiare pu\u00f2 offrire ai propri lettori una vasta scelta di spunti editoriali di approfondimento e di aggiornamento su tematiche chiave per il risparmio nel quotidiano e per la scelta dei fornitori e dei prodotti pi\u00f9 adatti alle esigenze di budget e di servizio.<\/p>\n<p>Prima di presentarvi <strong>i principali autori e collaboratori di Notizie per Risparmiare<\/strong>, ricordiamo che \u00e8 possibile <strong>entrare in contatto con la redazione del blog<\/strong> di ComparaSemplice scrivendo al seguente indirizzo e-Mail:<\/p>\n<p>info@comparasemplice.it<\/p>\n<h2>I principali autori di Notizie per Risparmiare<\/h2>\n<table class=\"stile-autori\" cellspacing=\"30\">\n<tbody>\n<tr>\n<td><img loading=\"lazy\" decoding=\"async\" class=\"alignnone wp-image-10435 size-thumbnail\" src=\"https:\/\/cdn3.comparasemplice.it\/informazioni\/wp-content\/uploads\/2018\/09\/Comerci_Fabrizio_thumb.jpg\" sizes=\"(max-width: 112px) 100vw, 112px\" srcset=\"https:\/\/cdn3.comparasemplice.it\/informazioni\/wp-content\/uploads\/2018\/09\/Comerci_Fabrizio_thumb.jpg\" alt=\"Fabrizio Comerci coordinatore blog Notizie per Risparmiare di ComparaSemplice.it\" width=\"300\" height=\"110\" \/><\/td>\n<td>\n<h4><a href=\"https:\/\/www.comparasemplice.it\/informazioni\/author\/fabrizio-comerci\">Fabrizio Comerci<\/a><\/h4>\n<p>&nbsp;<\/p>\n<p>Coordinatore del blog Notizie per Risparmiare di ComparaSemplice.it con esperienza ultradecennale nella produzione e gestione dei contenuti editoriali online. Ha iniziato la sua carriera nell&#8217;editoria offline, ha guidato il team editoriale di una SEO Agency e, oggi, \u00e8 un apprezzato esperto di SEO Content. Non c&#8217;\u00e8 niente di cui non abbia scritto con ottima capacit\u00e0 di approfondimento.<\/td>\n<\/tr>\n<tr>\n<td><img loading=\"lazy\" decoding=\"async\" class=\"alignnone wp-image-10435 size-thumbnail\" src=\"https:\/\/cdn3.comparasemplice.it\/informazioni\/wp-content\/uploads\/2018\/09\/Camilla-Sestilli-Thumb.jpg\" sizes=\"(max-width: 112px) 100vw, 112px\" srcset=\"https:\/\/cdn3.comparasemplice.it\/informazioni\/wp-content\/uploads\/2018\/09\/Camilla-Sestilli-Thumb.jpg\" alt=\"Camilla Sestilli Content Manager\" width=\"300\" height=\"110\" \/><\/td>\n<td>\n<h4><a href=\"https:\/\/www.comparasemplice.it\/informazioni\/author\/camilla-sestilli\">Camilla Sestilli<\/a><\/h4>\n<p>&nbsp;<\/p>\n<p>Copywriter per passione e Storica dell\u2019Arte per amore, dopo la laurea ha deciso di dedicarsi allo studio approfondito del mondo SEO Content per allargare i suoi orizzonti.<\/td>\n<\/tr>\n<tr>\n<td><img loading=\"lazy\" decoding=\"async\" class=\"alignnone wp-image-10435 size-thumbnail\" src=\"https:\/\/cdn3.comparasemplice.it\/informazioni\/wp-content\/uploads\/2018\/07\/silvio_spina_thumb.jpg\" sizes=\"(max-width: 112px) 100vw, 112px\" srcset=\"https:\/\/cdn3.comparasemplice.it\/informazioni\/wp-content\/uploads\/2018\/07\/silvio_spina_thumb.jpg\" alt=\"Silvio Spina editor ComparaSemplice.it\" width=\"300\" height=\"110\" \/><\/td>\n<td>\n<h4><a href=\"https:\/\/www.comparasemplice.it\/informazioni\/author\/silvio\">Silvio Spina<\/a><\/h4>\n<p>&nbsp;<\/p>\n<p>Web editor, giornalista e appassionato SEO, lavora dal 2008 nel digitale e in particolare nel mondo della telefonia mobile (dispositivi e tariffe), delle TLC e nella comparazione di servizi. La tecnologia e la Rete, insieme alla musica (in particolare acustica e rock) sono passioni che lo accompagnano da sempre, portandolo a collaborare per numerosi siti.<\/td>\n<\/tr>\n<tr>\n<td><img loading=\"lazy\" decoding=\"async\" class=\"alignnone wp-image-10435 size-thumbnail\" src=\"https:\/\/cdn3.comparasemplice.it\/informazioni\/wp-content\/uploads\/2018\/09\/Ilaria-macchi-thumb.jpg\" sizes=\"(max-width: 112px) 100vw, 112px\" srcset=\"https:\/\/cdn3.comparasemplice.it\/informazioni\/wp-content\/uploads\/2018\/09\/Ilaria-macchi-thumb.jpg\" alt=\"Ilaria Macchi editor blog Notizie per Risparmiare di ComparaSemplice.it\" width=\"300\" height=\"110\" \/><\/td>\n<td>\n<h4><a href=\"https:\/\/www.comparasemplice.it\/informazioni\/author\/Ilaria\">Ilaria Macchi<\/a><\/h4>\n<p>&nbsp;<\/p>\n<p>Giornalista, laureata in linguaggi dei media, interesse per la comunicazione e il web a 360 gradi. Esperienza maturata soprattutto in testate online e carta stampata, ma anche con un&#8217;incursione in una web Tv. Grande passione per lo sport, calcio in modo particolare, coltivata anche con una collaborazione giornalistica. Amante di Tv e tecnologia.<\/td>\n<\/tr>\n<tr>\n<td><img loading=\"lazy\" decoding=\"async\" class=\"alignnone wp-image-10435 size-thumbnail\" src=\"https:\/\/cdn3.comparasemplice.it\/informazioni\/wp-content\/uploads\/2018\/07\/Fabio_Caliendo_Thumb.jpg\" sizes=\"(max-width: 112px) 100vw, 112px\" srcset=\"https:\/\/cdn3.comparasemplice.it\/informazioni\/wp-content\/uploads\/2018\/07\/Fabio_Caliendo_Thumb.jpg\" alt=\"Fabio Caliendo editor ComparaSemplice.it\" width=\"300\" height=\"110\" \/><\/td>\n<td>\n<h4><a href=\"https:\/\/www.comparasemplice.it\/informazioni\/author\/fabio-caliendo\">Fabio Caliendo<\/a><\/h4>\n<p>&nbsp;<\/p>\n<p>Veronese di origine napoletana, ha i motori nel sangue. Appassionato di due e quattro ruote, \u00e8 da anni un giornalista specializzato in materia. Non ama solo scrivere e raccontare, ama vivere le esperienze, basta che si sia alla guida di qualcosa con un motore. Gli piacciono la musica (fusion e rock) ed il mototurismo.<\/td>\n<\/tr>\n<tr>\n<td><img decoding=\"async\" class=\"alignnone wp-image-10435 size-thumbnail\" src=\"https:\/\/i0.wp.com\/www.comparasemplice.it\/informazioni\/wp-content\/uploads\/RaffaeleGalano.png?resize=112%2C150&amp;ssl=1\" sizes=\"(max-width: 112px) 100vw, 112px\" srcset=\"https:\/\/i0.wp.com\/www.comparasemplice.it\/informazioni\/wp-content\/uploads\/RaffaeleGalano.png?resize=112%2C150&amp;ssl=1 112w, https:\/\/i0.wp.com\/www.comparasemplice.it\/informazioni\/wp-content\/uploads\/RaffaeleGalano.png?resize=223%2C300&amp;ssl=1 223w, https:\/\/i0.wp.com\/www.comparasemplice.it\/informazioni\/wp-content\/uploads\/RaffaeleGalano.png?w=236&amp;ssl=1 236w, https:\/\/i0.wp.com\/www.comparasemplice.it\/informazioni\/wp-content\/uploads\/RaffaeleGalano.png?resize=52%2C70&amp;ssl=1 52w\" alt=\"Raffaele Galano editor ComparaSemplice.it\" width=\"300\" \/><\/td>\n<td>\n<h4><a href=\"https:\/\/www.comparasemplice.it\/informazioni\/author\/raffaele\">Raffaele Galano<\/a><\/h4>\n<p>&nbsp;<\/p>\n<p>Ex Ufficiale dell\u2019esercito con oltre 15 anni di esperienza nel Marketing Digitale, scrive contenuti sul Web dal 1997 per lavoro e per il piacere personale della condivisione.<\/td>\n<\/tr>\n<tr>\n<td><img decoding=\"async\" class=\"alignnone wp-image-10438\" src=\"https:\/\/i2.wp.com\/www.comparasemplice.it\/informazioni\/wp-content\/uploads\/Giancarlo_Sali.png?resize=112%2C135&amp;ssl=1\" sizes=\"(max-width: 112px) 100vw, 112px\" srcset=\"https:\/\/i2.wp.com\/www.comparasemplice.it\/informazioni\/wp-content\/uploads\/Giancarlo_Sali.png?resize=125%2C150&amp;ssl=1 125w, https:\/\/i2.wp.com\/www.comparasemplice.it\/informazioni\/wp-content\/uploads\/Giancarlo_Sali.png?resize=58%2C70&amp;ssl=1 58w, https:\/\/i2.wp.com\/www.comparasemplice.it\/informazioni\/wp-content\/uploads\/Giancarlo_Sali.png?w=191&amp;ssl=1 191w\" alt=\"Giancarlo Sali Autore di ComparaSemplice.it\" width=\"300\" \/><\/td>\n<td>\n<h4><a href=\"https:\/\/www.comparasemplice.it\/informazioni\/author\/giancarlo\">Giancarlo Sali<\/a><\/h4>\n<p>&nbsp;<\/p>\n<p>Scrittore ed editorialista di Roma, da sempre attento ai mutamenti sociali della nostra epoca, tratta spesso anche argomenti di utilit\u00e0 pratica, come appunto la possibilit\u00e0 di risparmiare sulle nostre bollette. Vive seguendo il seguendo motto: \u201cSolo la scrittura rende le persone libere\u201d.<\/td>\n<\/tr>\n<tr>\n<td><img decoding=\"async\" class=\"alignnone wp-image-10441\" src=\"https:\/\/i1.wp.com\/www.comparasemplice.it\/informazioni\/wp-content\/uploads\/Valeria_martalo.jpg?resize=112%2C109&amp;ssl=1\" sizes=\"(max-width: 112px) 100vw, 112px\" srcset=\"https:\/\/i1.wp.com\/www.comparasemplice.it\/informazioni\/wp-content\/uploads\/Valeria_martalo.jpg?resize=112%2C109&amp;ssl=1 150w, \/\/i2.wp.com\/www.comparasemplice.it\/informazioni\/wp-content\/uploads\/Valeria_martalo-300x292.jpg 300w, \/\/i2.wp.com\/www.comparasemplice.it\/informazioni\/wp-content\/uploads\/Valeria_martalo-72x70.jpg 72w, \/\/i2.wp.com\/www.comparasemplice.it\/informazioni\/wp-content\/uploads\/Valeria_martalo.jpg 592w\" alt=\"Valeria Martal\u00f2, scrive news ed articoli per ComparaSemplice.it\" width=\"300\" \/><\/td>\n<td>\n<h4><a href=\"https:\/\/www.comparasemplice.it\/informazioni\/author\/valeria-martalo\">Valeria Martal\u00f2<\/a><\/h4>\n<p>&nbsp;<\/p>\n<p>Copywriter, redattore e correttore di bozze. Ama il mondo dell\u2019editoria e della scrittura per il web. Laureata in Filologia Classica, \u00e8 sempre alla ricerca di nuovi libri e fumetti da leggere.<\/td>\n<\/tr>\n<tr>\n<td><img decoding=\"async\" class=\"alignnone wp-image-10442\" src=\"https:\/\/i1.wp.com\/www.comparasemplice.it\/informazioni\/wp-content\/uploads\/Carlotta_Stegagno.png?resize=114%2C98&amp;ssl=1\" sizes=\"(max-width: 114px) 100vw, 114px\" srcset=\"https:\/\/i1.wp.com\/www.comparasemplice.it\/informazioni\/wp-content\/uploads\/Carlotta_Stegagno.png?resize=114%2C98&amp;ssl=1 150w, \/\/i2.wp.com\/www.comparasemplice.it\/informazioni\/wp-content\/uploads\/Carlotta_Stegagno.png 201w\" alt=\"carlotta Stegagno autrice di Notizie per Risparmiare\" width=\"300\" \/><\/td>\n<td>\n<h4><a href=\"https:\/\/www.comparasemplice.it\/informazioni\/author\/carlotta-stegagno\">Carlotta Stegagno<\/a><\/h4>\n<p>&nbsp;<\/p>\n<p>Ricercatrice presso l\u2019Universit\u00e0 degli Studi di Genova presso il dipartimento di Scienze Politiche. Scrive in prevalenza di Internet, connessioni ADSL e Fibra ottica, telefonia ed energia (luce e gas).<\/td>\n<\/tr>\n<tr>\n<td><img decoding=\"async\" class=\"alignnone wp-image-10443\" src=\"https:\/\/i2.wp.com\/www.comparasemplice.it\/informazioni\/wp-content\/uploads\/Chiara_Durante.png?resize=115%2C94&amp;ssl=1\" sizes=\"(max-width: 115px) 100vw, 115px\" srcset=\"https:\/\/i2.wp.com\/www.comparasemplice.it\/informazioni\/wp-content\/uploads\/Chiara_Durante.png?resize=150%2C123&amp;ssl=1 150w, https:\/\/i2.wp.com\/www.comparasemplice.it\/informazioni\/wp-content\/uploads\/Chiara_Durante.png?resize=300%2C246&amp;ssl=1 300w, https:\/\/i2.wp.com\/www.comparasemplice.it\/informazioni\/wp-content\/uploads\/Chiara_Durante.png?resize=85%2C70&amp;ssl=1 85w, https:\/\/i2.wp.com\/www.comparasemplice.it\/informazioni\/wp-content\/uploads\/Chiara_Durante.png?w=489&amp;ssl=1 489w\" alt=\"Chiara Durante web writer freelance\" width=\"300\" \/><\/td>\n<td>\n<h4><a href=\"https:\/\/www.comparasemplice.it\/informazioni\/author\/chiara-durante\">Chiara Durante<\/a><\/h4>\n<p>&nbsp;<\/p>\n<p>Nata, cresciuta, vissuta a Genova con una parentesi romana e una milanese. Si \u00e8 laureata in Lettere Moderne e poi in Giornalismo e scrive da quando \u00e8 adolescente per diversi blog sui temi pi\u00f9 svariati. Ama la scrittura in tutte le sue forme, le poesie in rima, gli aforismi, la Toscana e la musica british.<\/td>\n<\/tr>\n<tr>\n<td><img decoding=\"async\" class=\"alignnone wp-image-10445 size-thumbnail\" src=\"https:\/\/i0.wp.com\/www.comparasemplice.it\/informazioni\/wp-content\/uploads\/Roberta_Esposito.jpg?resize=119%2C150&amp;ssl=1\" sizes=\"(max-width: 119px) 100vw, 119px\" srcset=\"https:\/\/i0.wp.com\/www.comparasemplice.it\/informazioni\/wp-content\/uploads\/Roberta_Esposito.jpg?resize=119%2C150&amp;ssl=1 119w, \/\/i2.wp.com\/www.comparasemplice.it\/informazioni\/wp-content\/uploads\/Roberta_Esposito-238x300.jpg 238w\" alt=\"Roberta Esposito, Junior Web Marketing in ComparaSemplice.it. Scrive e corregge articoli\" width=\"300\" \/><\/td>\n<td>\n<h4><a href=\"https:\/\/www.comparasemplice.it\/informazioni\/author\/roberta-esposito\">Roberta Esposito<\/a><\/h4>\n<p>&nbsp;<\/p>\n<p>Appassionata di Tecnologia e Marketing, intraprende la sua strada nel Digital subito dopo la laurea. Oltre a \u201csmanettare\u201d sui Social e sulle piattaforme Web scrive contenuti digital su diverse tematiche.<\/td>\n<\/tr>\n<tr>\n<td><img decoding=\"async\" class=\"alignnone wp-image-10444\" src=\"https:\/\/i2.wp.com\/www.comparasemplice.it\/informazioni\/wp-content\/uploads\/Corrado-Ronci-e1465297560108-104x150.jpg?resize=111%2C160&amp;ssl=1\" sizes=\"(max-width: 111px) 100vw, 111px\" srcset=\"https:\/\/i1.wp.com\/www.comparasemplice.it\/informazioni\/wp-content\/uploads\/Corrado-Ronci-e1465297560108.jpg?resize=104%2C150&amp;ssl=1 104w, https:\/\/i1.wp.com\/www.comparasemplice.it\/informazioni\/wp-content\/uploads\/Corrado-Ronci-e1465297560108.jpg?resize=209%2C300&amp;ssl=1 209w, https:\/\/i1.wp.com\/www.comparasemplice.it\/informazioni\/wp-content\/uploads\/Corrado-Ronci-e1465297560108.jpg?resize=49%2C70&amp;ssl=1 49w, https:\/\/i1.wp.com\/www.comparasemplice.it\/informazioni\/wp-content\/uploads\/Corrado-Ronci-e1465297560108.jpg?w=329&amp;ssl=1 329w\" alt=\"Corrado Ronci \u00e8 un Autore di ComparaSemplice.it\" width=\"300\" \/><\/td>\n<td>\n<h4><a href=\"https:\/\/www.comparasemplice.it\/informazioni\/author\/corrado\">Corrado<\/a><\/h4>\n<p>&nbsp;<\/p>\n<p>Appassionato di nuove tecnologie e programmatore da oltre 5 anni, sviluppa software per il mondo Business e dei Servizi con particolare attenzione ai dettagli. Ex giocatore di Rugby \u00e8 un grande amante di sport.<\/td>\n<\/tr>\n<tr>\n<td colspan=\"2\">\n<h4>Alexis Bardi<\/h4>\n<\/td>\n<\/tr>\n<tr>\n<td colspan=\"2\">\n<h4>Ferdinando Dagostino<\/h4>\n<\/td>\n<\/tr>\n<tr>\n<td colspan=\"2\">\n<h4>Edoardo Bruno<\/h4>\n<\/td>\n<\/tr>\n<tr>\n<td colspan=\"2\">\n<h4>Sara Papis<\/h4>\n<\/td>\n<\/tr>\n<tr>\n<td colspan=\"2\">\n<h4>Dario Conte<\/h4>\n<\/td>\n<\/tr>\n<tr>\n<td colspan=\"2\">\n<h4>Gian Piero Rizzo<\/h4>\n<\/td>\n<\/tr>\n<tr>\n<td colspan=\"2\">\n<h4>Marco Costa<\/h4>\n<\/td>\n<\/tr>\n<tr>\n<td colspan=\"2\">\n<h4>Andrea Giovinazzi<\/h4>\n<\/td>\n<\/tr>\n<tr>\n<td colspan=\"2\">\n<h4>Ilaria Bogazzi<\/h4>\n<\/td>\n<\/tr>\n<\/tbody>\n<\/table>\n","protected":false},"excerpt":{"rendered":"<p>La redazione di Notizie per Risparmiare \u00e8 composta da blogger qualificati ed esperti dei settori trattati da di ComparaSemplice. Grazie&#8230;<\/p>\n","protected":false},"author":1,"featured_media":0,"parent":0,"menu_order":0,"comment_status":"closed","ping_status":"closed","template":"","meta":{"_acf_changed":false,"footnotes":""},"acf":[],"yoast_head":"<!-- This site is optimized with the Yoast SEO plugin v23.4 - https:\/\/yoast.com\/wordpress\/plugins\/seo\/ -->\n<title>Gli autori del blog di comparasemplice.it | Il Blog di ComparaSemplice<\/title>\n<meta name=\"description\" content=\"Ti presentiamo la redazione di Notizie per risparmiare: il blog di ComparaSemplice.it che ti parla di risparmio e di offerte.\" \/>\n<meta name=\"robots\" content=\"index, follow, max-snippet:-1, max-image-preview:large, max-video-preview:-1\" \/>\n<link rel=\"canonical\" href=\"https:\/\/www.comparasemplice.it\/informazioni\/autori-comparasemplice\" \/>\n<script type=\"application\/ld+json\" class=\"yoast-schema-graph\">{\"@context\":\"https:\/\/schema.org\",\"@graph\":[{\"@type\":\"BreadcrumbList\",\"@id\":\"https:\/\/www.comparasemplice.it\/informazioni\/autori-comparasemplice#breadcrumb\",\"itemListElement\":[{\"@type\":\"ListItem\",\"position\":1,\"name\":\"Home\",\"item\":\"https:\/\/www.comparasemplice.it\/informazioni\"},{\"@type\":\"ListItem\",\"position\":2,\"name\":\"Gli autori del blog di comparasemplice.it\"}]}]}<\/script>\n<!-- \/ Yoast SEO plugin. -->","yoast_head_json":{"title":"Gli autori del blog di comparasemplice.it | Il Blog di ComparaSemplice","description":"Ti presentiamo la redazione di Notizie per risparmiare: il blog di ComparaSemplice.it che ti parla di risparmio e di offerte.","robots":{"index":"index","follow":"follow","max-snippet":"max-snippet:-1","max-image-preview":"max-image-preview:large","max-video-preview":"max-video-preview:-1"},"canonical":"https:\/\/www.comparasemplice.it\/informazioni\/autori-comparasemplice","schema":{"@context":"https:\/\/schema.org","@graph":[{"@type":"BreadcrumbList","@id":"https:\/\/www.comparasemplice.it\/informazioni\/autori-comparasemplice#breadcrumb","itemListElement":[{"@type":"ListItem","position":1,"name":"Home","item":"https:\/\/www.comparasemplice.it\/informazioni"},{"@type":"ListItem","position":2,"name":"Gli autori del blog di comparasemplice.it"}]}]}},"_links":{"self":[{"href":"https:\/\/www.comparasemplice.it\/informazioni\/wp-json\/wp\/v2\/pages\/12009"}],"collection":[{"href":"https:\/\/www.comparasemplice.it\/informazioni\/wp-json\/wp\/v2\/pages"}],"about":[{"href":"https:\/\/www.comparasemplice.it\/informazioni\/wp-json\/wp\/v2\/types\/page"}],"author":[{"embeddable":true,"href":"https:\/\/www.comparasemplice.it\/informazioni\/wp-json\/wp\/v2\/users\/1"}],"replies":[{"embeddable":true,"href":"https:\/\/www.comparasemplice.it\/informazioni\/wp-json\/wp\/v2\/comments?post=12009"}],"version-history":[{"count":24,"href":"https:\/\/www.comparasemplice.it\/informazioni\/wp-json\/wp\/v2\/pages\/12009\/revisions"}],"predecessor-version":[{"id":60378,"href":"https:\/\/www.comparasemplice.it\/informazioni\/wp-json\/wp\/v2\/pages\/12009\/revisions\/60378"}],"wp:attachment":[{"href":"https:\/\/www.comparasemplice.it\/informazioni\/wp-json\/wp\/v2\/media?parent=12009"}],"curies":[{"name":"wp","href":"https:\/\/api.w.org\/{rel}","templated":true}]}}